{"id":2563,"date":"2024-11-19T12:34:56","date_gmt":"2024-11-19T12:34:56","guid":{"rendered":"https:\/\/jovenesreporteros.org.ar\/?page_id=2563"},"modified":"2025-02-08T14:08:36","modified_gmt":"2025-02-08T14:08:36","slug":"actividades","status":"publish","type":"page","link":"https:\/\/jovenesreporteros.org.ar\/index.php\/actividades\/","title":{"rendered":"ACTIVIDADES"},"content":{"rendered":"\t\t<div data-elementor-type=\"wp-page\" data-elementor-id=\"2563\" class=\"elementor elementor-2563\">\n\t\t\t\t\t\t<section class=\"elementor-section elementor-top-section elementor-element elementor-element-37d2a4f elementor-section-height-min-height elementor-section-content-bottom elementor-section-items-bottom elementor-section-boxed elementor-section-height-default\" data-id=\"37d2a4f\" data-element_type=\"section\" data-e-type=\"section\" data-settings=\"{&quot;background_background&quot;:&quot;classic&quot;}\">\n\t\t\t\t\t\t\t<div class=\"elementor-background-overlay\"><\/div>\n\t\t\t\t\t\t\t<div class=\"elementor-container elementor-column-gap-no\">\n\t\t\t\t\t<div class=\"elementor-column elementor-col-100 elementor-top-column elementor-element elementor-element-559220c\" data-id=\"559220c\" data-element_type=\"column\" data-e-type=\"column\">\n\t\t\t<div class=\"elementor-widget-wrap elementor-element-populated\">\n\t\t\t\t\t\t<div class=\"elementor-element elementor-element-78206bf elementor-widget elementor-widget-heading\" data-id=\"78206bf\" data-element_type=\"widget\" data-e-type=\"widget\" data-widget_type=\"heading.default\">\n\t\t\t\t<div class=\"elementor-widget-container\">\n\t\t\t\t\t<h1 class=\"elementor-heading-title elementor-size-default\">Actividades<\/h1>\t\t\t\t<\/div>\n\t\t\t\t<\/div>\n\t\t\t\t\t<\/div>\n\t\t<\/div>\n\t\t\t\t\t<\/div>\n\t\t<\/section>\n\t\t\t\t<section class=\"elementor-section elementor-top-section elementor-element elementor-element-feeb529 elementor-section-content-middle elementor-section-boxed elementor-section-height-default elementor-section-height-default\" data-id=\"feeb529\" data-element_type=\"section\" data-e-type=\"section\">\n\t\t\t\t\t\t<div class=\"elementor-container elementor-column-gap-no\">\n\t\t\t\t\t<div class=\"elementor-column elementor-col-50 elementor-top-column elementor-element elementor-element-bbda1d4\" data-id=\"bbda1d4\" data-element_type=\"column\" data-e-type=\"column\">\n\t\t\t<div class=\"elementor-widget-wrap elementor-element-populated\">\n\t\t\t\t\t\t<div class=\"elementor-element elementor-element-cd8e2a7 elementor-widget elementor-widget-image\" data-id=\"cd8e2a7\" data-element_type=\"widget\" data-e-type=\"widget\" data-widget_type=\"image.default\">\n\t\t\t\t<div class=\"elementor-widget-container\">\n\t\t\t\t\t\t\t\t\t\t\t\t\t\t\t\t<a href=\"https:\/\/www.ecoschools.global\/sharing-sessions\">\n\t\t\t\t\t\t\t<img fetchpriority=\"high\" decoding=\"async\" width=\"636\" height=\"354\" src=\"https:\/\/jovenesreporteros.org.ar\/wp-content\/uploads\/2024\/11\/Captura-de-Pantalla-2024-11-19-a-las-19.32.10.png\" class=\"attachment-large size-large wp-image-2632\" alt=\"\" srcset=\"https:\/\/jovenesreporteros.org.ar\/wp-content\/uploads\/2024\/11\/Captura-de-Pantalla-2024-11-19-a-las-19.32.10.png 636w, https:\/\/jovenesreporteros.org.ar\/wp-content\/uploads\/2024\/11\/Captura-de-Pantalla-2024-11-19-a-las-19.32.10-300x167.png 300w\" sizes=\"(max-width: 636px) 100vw, 636px\" \/>\t\t\t\t\t\t\t\t<\/a>\n\t\t\t\t\t\t\t\t\t\t\t\t\t\t\t<\/div>\n\t\t\t\t<\/div>\n\t\t\t\t\t<\/div>\n\t\t<\/div>\n\t\t\t\t<div class=\"elementor-column elementor-col-50 elementor-top-column elementor-element elementor-element-49842c4\" data-id=\"49842c4\" data-element_type=\"column\" data-e-type=\"column\">\n\t\t\t<div class=\"elementor-widget-wrap elementor-element-populated\">\n\t\t\t\t\t\t<div class=\"elementor-element elementor-element-831ba19 elementor-widget elementor-widget-heading\" data-id=\"831ba19\" data-element_type=\"widget\" data-e-type=\"widget\" data-widget_type=\"heading.default\">\n\t\t\t\t<div class=\"elementor-widget-container\">\n\t\t\t\t\t<h2 class=\"elementor-heading-title elementor-size-default\">Sesiones compartidas \/ Sharing Sessions<\/h2>\t\t\t\t<\/div>\n\t\t\t\t<\/div>\n\t\t\t\t<div class=\"elementor-element elementor-element-4244e1f elementor-widget elementor-widget-text-editor\" data-id=\"4244e1f\" data-element_type=\"widget\" data-e-type=\"widget\" data-widget_type=\"text-editor.default\">\n\t\t\t\t<div class=\"elementor-widget-container\">\n\t\t\t\t\t\t\t\t\t<p>Estas Sesiones de Intercambio de Eco-Schools Mundiales son sesiones dirigidas y facilitadas por estudiantes, con presentaciones r\u00e1pidas y llenas de energ\u00eda, muy interactivas e inspiradoras. <img decoding=\"async\" class=\"emoji\" role=\"img\" draggable=\"false\" src=\"https:\/\/s.w.org\/images\/core\/emoji\/15.0.3\/svg\/1f310.svg\" alt=\"\ud83c\udf10\" \/><img decoding=\"async\" class=\"emoji\" role=\"img\" draggable=\"false\" src=\"https:\/\/s.w.org\/images\/core\/emoji\/15.0.3\/svg\/2b50.svg\" alt=\"\u2b50\" \/><\/p>\t\t\t\t\t\t\t\t<\/div>\n\t\t\t\t<\/div>\n\t\t\t\t\t<\/div>\n\t\t<\/div>\n\t\t\t\t\t<\/div>\n\t\t<\/section>\n\t\t\t\t<section class=\"elementor-section elementor-top-section elementor-element elementor-element-74282b5 elementor-section-content-middle elementor-section-boxed elementor-section-height-default elementor-section-height-default\" data-id=\"74282b5\" data-element_type=\"section\" data-e-type=\"section\">\n\t\t\t\t\t\t<div class=\"elementor-container elementor-column-gap-no\">\n\t\t\t\t\t<div class=\"elementor-column elementor-col-50 elementor-top-column elementor-element elementor-element-190595b\" data-id=\"190595b\" data-element_type=\"column\" data-e-type=\"column\">\n\t\t\t<div class=\"elementor-widget-wrap elementor-element-populated\">\n\t\t\t\t\t\t<div class=\"elementor-element elementor-element-0f9babd elementor-widget elementor-widget-image\" data-id=\"0f9babd\" data-element_type=\"widget\" data-e-type=\"widget\" data-widget_type=\"image.default\">\n\t\t\t\t<div class=\"elementor-widget-container\">\n\t\t\t\t\t\t\t\t\t\t\t\t\t\t\t\t<a href=\"https:\/\/www.jovenesreporteros.org.ar\/\">\n\t\t\t\t\t\t\t<img decoding=\"async\" width=\"1024\" height=\"573\" src=\"https:\/\/jovenesreporteros.org.ar\/wp-content\/uploads\/2024\/11\/Captura-de-Pantalla-2024-11-19-a-las-19.39.30-1024x573.png\" class=\"attachment-large size-large wp-image-2636\" alt=\"\" srcset=\"https:\/\/jovenesreporteros.org.ar\/wp-content\/uploads\/2024\/11\/Captura-de-Pantalla-2024-11-19-a-las-19.39.30-1024x573.png 1024w, https:\/\/jovenesreporteros.org.ar\/wp-content\/uploads\/2024\/11\/Captura-de-Pantalla-2024-11-19-a-las-19.39.30-300x168.png 300w, https:\/\/jovenesreporteros.org.ar\/wp-content\/uploads\/2024\/11\/Captura-de-Pantalla-2024-11-19-a-las-19.39.30-768x429.png 768w, https:\/\/jovenesreporteros.org.ar\/wp-content\/uploads\/2024\/11\/Captura-de-Pantalla-2024-11-19-a-las-19.39.30.png 1275w\" sizes=\"(max-width: 1024px) 100vw, 1024px\" \/>\t\t\t\t\t\t\t\t<\/a>\n\t\t\t\t\t\t\t\t\t\t\t\t\t\t\t<\/div>\n\t\t\t\t<\/div>\n\t\t\t\t\t<\/div>\n\t\t<\/div>\n\t\t\t\t<div class=\"elementor-column elementor-col-50 elementor-top-column elementor-element elementor-element-1b5e65b\" data-id=\"1b5e65b\" data-element_type=\"column\" data-e-type=\"column\">\n\t\t\t<div class=\"elementor-widget-wrap elementor-element-populated\">\n\t\t\t\t\t\t<div class=\"elementor-element elementor-element-403c5d6 elementor-widget elementor-widget-heading\" data-id=\"403c5d6\" data-element_type=\"widget\" data-e-type=\"widget\" data-widget_type=\"heading.default\">\n\t\t\t\t<div class=\"elementor-widget-container\">\n\t\t\t\t\t<h2 class=\"elementor-heading-title elementor-size-default\">Concurso J\u00f3venes Reporteros para el Ambiente <\/h2>\t\t\t\t<\/div>\n\t\t\t\t<\/div>\n\t\t\t\t<div class=\"elementor-element elementor-element-27d189b elementor-widget elementor-widget-text-editor\" data-id=\"27d189b\" data-element_type=\"widget\" data-e-type=\"widget\" data-widget_type=\"text-editor.default\">\n\t\t\t\t<div class=\"elementor-widget-container\">\n\t\t\t\t\t\t\t\t\t<p>J\u00f3venes Reporteros para el Ambiente es un concurso internacional que busca empoderar a j\u00f3venes de entre 11 y 25 a\u00f1os pare que realizan trabajos period\u00edsticos sobre tem\u00e1ticas ambientales. <span class=\"UV3uM\"><br \/><\/span><\/p><div class=\"WaaZC\"><div class=\"RJPOee EIJn2\"><div class=\"rPeykc\" data-hveid=\"CAcQAQ\" data-ved=\"2ahUKEwjpi8acueuJAxV0RLgEHQ4EJ6sQo_EKegQIBxAB\">El concurso se desarrolla en tres categor\u00edas: video, fotograf\u00eda y art\u00edculo.Los ganadores del primer puesto tienen la oportunidad de participar en el Concurso Internacional JRA<\/div><\/div><\/div>\t\t\t\t\t\t\t\t<\/div>\n\t\t\t\t<\/div>\n\t\t\t\t\t<\/div>\n\t\t<\/div>\n\t\t\t\t\t<\/div>\n\t\t<\/section>\n\t\t\t\t<section class=\"elementor-section elementor-top-section elementor-element elementor-element-1e411ac2 elementor-section-content-middle elementor-section-boxed elementor-section-height-default elementor-section-height-default\" data-id=\"1e411ac2\" data-element_type=\"section\" data-e-type=\"section\">\n\t\t\t\t\t\t<div class=\"elementor-container elementor-column-gap-no\">\n\t\t\t\t\t<div class=\"elementor-column elementor-col-50 elementor-top-column elementor-element elementor-element-35aa2ba9\" data-id=\"35aa2ba9\" data-element_type=\"column\" data-e-type=\"column\">\n\t\t\t<div class=\"elementor-widget-wrap elementor-element-populated\">\n\t\t\t\t\t\t<div class=\"elementor-element elementor-element-0225de4 elementor-widget elementor-widget-image\" data-id=\"0225de4\" data-element_type=\"widget\" data-e-type=\"widget\" data-widget_type=\"image.default\">\n\t\t\t\t<div class=\"elementor-widget-container\">\n\t\t\t\t\t\t\t\t\t\t\t\t\t\t\t\t<a href=\"https:\/\/www.fee.global\/global-action-days-2025\">\n\t\t\t\t\t\t\t<img decoding=\"async\" width=\"540\" height=\"540\" src=\"https:\/\/jovenesreporteros.org.ar\/wp-content\/uploads\/2024\/11\/gad_2024_joinus.jpg\" class=\"attachment-large size-large wp-image-2629\" alt=\"\" srcset=\"https:\/\/jovenesreporteros.org.ar\/wp-content\/uploads\/2024\/11\/gad_2024_joinus.jpg 540w, https:\/\/jovenesreporteros.org.ar\/wp-content\/uploads\/2024\/11\/gad_2024_joinus-300x300.jpg 300w, https:\/\/jovenesreporteros.org.ar\/wp-content\/uploads\/2024\/11\/gad_2024_joinus-150x150.jpg 150w\" sizes=\"(max-width: 540px) 100vw, 540px\" \/>\t\t\t\t\t\t\t\t<\/a>\n\t\t\t\t\t\t\t\t\t\t\t\t\t\t\t<\/div>\n\t\t\t\t<\/div>\n\t\t\t\t\t<\/div>\n\t\t<\/div>\n\t\t\t\t<div class=\"elementor-column elementor-col-50 elementor-top-column elementor-element elementor-element-5f1be5db\" data-id=\"5f1be5db\" data-element_type=\"column\" data-e-type=\"column\">\n\t\t\t<div class=\"elementor-widget-wrap elementor-element-populated\">\n\t\t\t\t\t\t<div class=\"elementor-element elementor-element-bfbf6f1 elementor-widget elementor-widget-heading\" data-id=\"bfbf6f1\" data-element_type=\"widget\" data-e-type=\"widget\" data-widget_type=\"heading.default\">\n\t\t\t\t<div class=\"elementor-widget-container\">\n\t\t\t\t\t<h2 class=\"elementor-heading-title elementor-size-default\">D\u00edas de Acci\u00f3n Global \/ Global Action Days<\/h2>\t\t\t\t<\/div>\n\t\t\t\t<\/div>\n\t\t\t\t<div class=\"elementor-element elementor-element-60873ff6 elementor-widget elementor-widget-text-editor\" data-id=\"60873ff6\" data-element_type=\"widget\" data-e-type=\"widget\" data-widget_type=\"text-editor.default\">\n\t\t\t\t<div class=\"elementor-widget-container\">\n\t\t\t\t\t\t\t\t\t<p>Los <strong>D\u00edas de Acci\u00f3n Global de FEE Global<\/strong> son una iniciativa de la Fundaci\u00f3n para la Educaci\u00f3n Ambiental (FEE) que busca demostrar c\u00f3mo las acciones individuales, por m\u00e1s peque\u00f1as que parezcan, pueden tener un gran impacto en nuestro bienestar y en el del planeta. Durante estos d\u00edas, escuelas de todo el mundo que forman parte de redes como Eco-Schools y J\u00f3venes Reporteros para el Ambiente, as\u00ed como otras escuelas, realizan diversas actividades con el objetivo de concientizar sobre temas ambientales y promover pr\u00e1cticas sostenibles.<\/p>\t\t\t\t\t\t\t\t<\/div>\n\t\t\t\t<\/div>\n\t\t\t\t\t<\/div>\n\t\t<\/div>\n\t\t\t\t\t<\/div>\n\t\t<\/section>\n\t\t\t\t<section class=\"elementor-section elementor-top-section elementor-element elementor-element-55be8ee elementor-section-content-middle elementor-section-boxed elementor-section-height-default elementor-section-height-default\" data-id=\"55be8ee\" data-element_type=\"section\" data-e-type=\"section\">\n\t\t\t\t\t\t<div class=\"elementor-container elementor-column-gap-no\">\n\t\t\t\t\t<div class=\"elementor-column elementor-col-50 elementor-top-column elementor-element elementor-element-fe8bf82\" data-id=\"fe8bf82\" data-element_type=\"column\" data-e-type=\"column\">\n\t\t\t<div class=\"elementor-widget-wrap elementor-element-populated\">\n\t\t\t\t\t\t<div class=\"elementor-element elementor-element-321d339 elementor-widget elementor-widget-image\" data-id=\"321d339\" data-element_type=\"widget\" data-e-type=\"widget\" data-widget_type=\"image.default\">\n\t\t\t\t<div class=\"elementor-widget-container\">\n\t\t\t\t\t\t\t\t\t\t\t\t\t\t\t\t<a href=\"https:\/\/www.fee.global\/teacher-award\">\n\t\t\t\t\t\t\t<img loading=\"lazy\" decoding=\"async\" width=\"389\" height=\"344\" src=\"https:\/\/jovenesreporteros.org.ar\/wp-content\/uploads\/2024\/11\/Captura-de-Pantalla-2024-11-19-a-las-19.53.06.png\" class=\"attachment-large size-large wp-image-2638\" alt=\"\" srcset=\"https:\/\/jovenesreporteros.org.ar\/wp-content\/uploads\/2024\/11\/Captura-de-Pantalla-2024-11-19-a-las-19.53.06.png 389w, https:\/\/jovenesreporteros.org.ar\/wp-content\/uploads\/2024\/11\/Captura-de-Pantalla-2024-11-19-a-las-19.53.06-300x265.png 300w\" sizes=\"(max-width: 389px) 100vw, 389px\" \/>\t\t\t\t\t\t\t\t<\/a>\n\t\t\t\t\t\t\t\t\t\t\t\t\t\t\t<\/div>\n\t\t\t\t<\/div>\n\t\t\t\t\t<\/div>\n\t\t<\/div>\n\t\t\t\t<div class=\"elementor-column elementor-col-50 elementor-top-column elementor-element elementor-element-d78f2ab\" data-id=\"d78f2ab\" data-element_type=\"column\" data-e-type=\"column\">\n\t\t\t<div class=\"elementor-widget-wrap elementor-element-populated\">\n\t\t\t\t\t\t<div class=\"elementor-element elementor-element-142ed17 elementor-widget elementor-widget-heading\" data-id=\"142ed17\" data-element_type=\"widget\" data-e-type=\"widget\" data-widget_type=\"heading.default\">\n\t\t\t\t<div class=\"elementor-widget-container\">\n\t\t\t\t\t<h2 class=\"elementor-heading-title elementor-size-default\">Premio para Docente 2024-2025 <\/h2>\t\t\t\t<\/div>\n\t\t\t\t<\/div>\n\t\t\t\t<div class=\"elementor-element elementor-element-7660454 elementor-widget elementor-widget-text-editor\" data-id=\"7660454\" data-element_type=\"widget\" data-e-type=\"widget\" data-widget_type=\"text-editor.default\">\n\t\t\t\t<div class=\"elementor-widget-container\">\n\t\t\t\t\t\t\t\t\t<p>La Fundaci\u00f3n para la Educaci\u00f3n Ambiental (FEE) se enorgullece de lanzar el Premio FEE para Profesores 2024-2025, destinado a celebrar a los profesores destacados de nuestra red mundial que promueven e integran la Educaci\u00f3n para el Desarrollo Sostenible (EDS) en sus escuelas y comunidades.<\/p><p>Este premio destaca la excelencia personal de los profesores que participan en los programas educativos de la FEE, celebra sus logros y comparte sus historias inspiradoras con toda la red de la FEE. No se trata de una competici\u00f3n para unos pocos elegidos, sino de un reconocimiento de los esfuerzos de todos los profesores y una celebraci\u00f3n del impacto significativo que han tenido en sus escuelas y comunidades.<\/p>\t\t\t\t\t\t\t\t<\/div>\n\t\t\t\t<\/div>\n\t\t\t\t\t<\/div>\n\t\t<\/div>\n\t\t\t\t\t<\/div>\n\t\t<\/section>\n\t\t\t\t<section class=\"elementor-section elementor-top-section elementor-element elementor-element-675c630 elementor-section-boxed elementor-section-height-default elementor-section-height-default\" data-id=\"675c630\" data-element_type=\"section\" data-e-type=\"section\">\n\t\t\t\t\t\t<div class=\"elementor-container elementor-column-gap-default\">\n\t\t\t\t\t<div class=\"elementor-column elementor-col-100 elementor-top-column elementor-element elementor-element-807f8f2\" data-id=\"807f8f2\" data-element_type=\"column\" data-e-type=\"column\">\n\t\t\t<div class=\"elementor-widget-wrap elementor-element-populated\">\n\t\t\t\t\t\t<div class=\"elementor-element elementor-element-94e2f5e elementor-widget elementor-widget-spacer\" data-id=\"94e2f5e\" data-element_type=\"widget\" data-e-type=\"widget\" data-widget_type=\"spacer.default\">\n\t\t\t\t<div class=\"elementor-widget-container\">\n\t\t\t\t\t\t\t<div class=\"elementor-spacer\">\n\t\t\t<div class=\"elementor-spacer-inner\"><\/div>\n\t\t<\/div>\n\t\t\t\t\t\t<\/div>\n\t\t\t\t<\/div>\n\t\t\t\t\t<\/div>\n\t\t<\/div>\n\t\t\t\t\t<\/div>\n\t\t<\/section>\n\t\t\t\t<\/div>\n\t\t","protected":false},"excerpt":{"rendered":"<p>Actividades Sesiones compartidas \/ Sharing Sessions Estas Sesiones de Intercambio de Eco-Schools Mundiales son sesiones dirigidas y facilitadas por estudiantes, con presentaciones r\u00e1pidas y llenas de energ\u00eda, muy interactivas e inspiradoras. Concurso J\u00f3venes Reporteros para el Ambiente J\u00f3venes Reporteros para el Ambiente es un concurso internacional que busca empoderar a j\u00f3venes de entre 11 y [&hellip;]<\/p>\n","protected":false},"author":1,"featured_media":0,"parent":0,"menu_order":0,"comment_status":"closed","ping_status":"closed","template":"","meta":{"om_disable_all_campaigns":false,"_uag_custom_page_level_css":"","_monsterinsights_skip_tracking":false,"_monsterinsights_sitenote_active":false,"_monsterinsights_sitenote_note":"","_monsterinsights_sitenote_category":0,"site-sidebar-layout":"no-sidebar","site-content-layout":"page-builder","ast-site-content-layout":"default","site-content-style":"default","site-sidebar-style":"default","ast-global-header-display":"","ast-banner-title-visibility":"","ast-main-header-display":"","ast-hfb-above-header-display":"","ast-hfb-below-header-display":"","ast-hfb-mobile-header-display":"","site-post-title":"disabled","ast-breadcrumbs-content":"disabled","ast-featured-img":"disabled","footer-sml-layout":"","ast-disable-related-posts":"","theme-transparent-header-meta":"enabled","adv-header-id-meta":"","stick-header-meta":"","header-above-stick-meta":"","header-main-stick-meta":"","header-below-stick-meta":"","astra-migrate-meta-layouts":"default","ast-page-background-enabled":"default","ast-page-background-meta":{"desktop":{"background-color":"var(--ast-global-color-4)","background-image":"","background-repeat":"repeat","background-position":"center center","background-size":"auto","background-attachment":"scroll","background-type":"","background-media":"","overlay-type":"","overlay-color":"","overlay-opacity":"","overlay-gradient":""},"tablet":{"background-color":"","background-image":"","background-repeat":"repeat","background-position":"center center","background-size":"auto","background-attachment":"scroll","background-type":"","background-media":"","overlay-type":"","overlay-color":"","overlay-opacity":"","overlay-gradient":""},"mobile":{"background-color":"","background-image":"","background-repeat":"repeat","background-position":"center center","background-size":"auto","background-attachment":"scroll","background-type":"","background-media":"","overlay-type":"","overlay-color":"","overlay-opacity":"","overlay-gradient":""}},"ast-content-background-meta":{"desktop":{"background-color":"var(--ast-global-color-5)","background-image":"","background-repeat":"repeat","background-position":"center center","background-size":"auto","background-attachment":"scroll","background-type":"","background-media":"","overlay-type":"","overlay-color":"","overlay-opacity":"","overlay-gradient":""},"tablet":{"background-color":"var(--ast-global-color-5)","background-image":"","background-repeat":"repeat","background-position":"center center","background-size":"auto","background-attachment":"scroll","background-type":"","background-media":"","overlay-type":"","overlay-color":"","overlay-opacity":"","overlay-gradient":""},"mobile":{"background-color":"var(--ast-global-color-5)","background-image":"","background-repeat":"repeat","background-position":"center center","background-size":"auto","background-attachment":"scroll","background-type":"","background-media":"","overlay-type":"","overlay-color":"","overlay-opacity":"","overlay-gradient":""}},"_joinchat":[],"footnotes":""},"class_list":["post-2563","page","type-page","status-publish","hentry"],"aioseo_notices":[],"uagb_featured_image_src":{"full":false,"thumbnail":false,"medium":false,"medium_large":false,"large":false,"1536x1536":false,"2048x2048":false},"uagb_author_info":{"display_name":"antarticafilms","author_link":"https:\/\/jovenesreporteros.org.ar\/index.php\/author\/antarticafilms\/"},"uagb_comment_info":0,"uagb_excerpt":"Actividades Sesiones compartidas \/ Sharing Sessions Estas Sesiones de Intercambio de Eco-Schools Mundiales son sesiones dirigidas y facilitadas por estudiantes, con presentaciones r\u00e1pidas y llenas de energ\u00eda, muy interactivas e inspiradoras. Concurso J\u00f3venes Reporteros para el Ambiente J\u00f3venes Reporteros para el Ambiente es un concurso internacional que busca empoderar a j\u00f3venes de entre 11 y&hellip;","_links":{"self":[{"href":"https:\/\/jovenesreporteros.org.ar\/index.php\/wp-json\/wp\/v2\/pages\/2563","targetHints":{"allow":["GET"]}}],"collection":[{"href":"https:\/\/jovenesreporteros.org.ar\/index.php\/wp-json\/wp\/v2\/pages"}],"about":[{"href":"https:\/\/jovenesreporteros.org.ar\/index.php\/wp-json\/wp\/v2\/types\/page"}],"author":[{"embeddable":true,"href":"https:\/\/jovenesreporteros.org.ar\/index.php\/wp-json\/wp\/v2\/users\/1"}],"replies":[{"embeddable":true,"href":"https:\/\/jovenesreporteros.org.ar\/index.php\/wp-json\/wp\/v2\/comments?post=2563"}],"version-history":[{"count":43,"href":"https:\/\/jovenesreporteros.org.ar\/index.php\/wp-json\/wp\/v2\/pages\/2563\/revisions"}],"predecessor-version":[{"id":2715,"href":"https:\/\/jovenesreporteros.org.ar\/index.php\/wp-json\/wp\/v2\/pages\/2563\/revisions\/2715"}],"wp:attachment":[{"href":"https:\/\/jovenesreporteros.org.ar\/index.php\/wp-json\/wp\/v2\/media?parent=2563"}],"curies":[{"name":"wp","href":"https:\/\/api.w.org\/{rel}","templated":true}]}}