{"id":1699,"date":"2020-07-14T10:02:58","date_gmt":"2020-07-14T10:02:58","guid":{"rendered":"https:\/\/jovenesreporteros.org.ar\/index.php\/what-we-do\/"},"modified":"2022-03-01T23:16:28","modified_gmt":"2022-03-01T23:16:28","slug":"what-we-do","status":"publish","type":"page","link":"https:\/\/jovenesreporteros.org.ar\/index.php\/what-we-do\/","title":{"rendered":"Programa"},"content":{"rendered":"\t\t<div data-elementor-type=\"wp-page\" data-elementor-id=\"1699\" class=\"elementor elementor-1699\">\n\t\t\t\t\t\t<section class=\"elementor-section elementor-top-section elementor-element elementor-element-ca714af elementor-section-height-min-height elementor-section-content-bottom elementor-section-items-bottom elementor-section-boxed elementor-section-height-default\" data-id=\"ca714af\" data-element_type=\"section\" data-e-type=\"section\" data-settings=\"{&quot;background_background&quot;:&quot;classic&quot;}\">\n\t\t\t\t\t\t\t<div class=\"elementor-background-overlay\"><\/div>\n\t\t\t\t\t\t\t<div class=\"elementor-container elementor-column-gap-no\">\n\t\t\t\t\t<div class=\"elementor-column elementor-col-100 elementor-top-column elementor-element elementor-element-2d2830d\" data-id=\"2d2830d\" data-element_type=\"column\" data-e-type=\"column\">\n\t\t\t<div class=\"elementor-widget-wrap elementor-element-populated\">\n\t\t\t\t\t\t<div class=\"elementor-element elementor-element-60a22ac elementor-widget elementor-widget-heading\" data-id=\"60a22ac\" data-element_type=\"widget\" data-e-type=\"widget\" data-widget_type=\"heading.default\">\n\t\t\t\t<div class=\"elementor-widget-container\">\n\t\t\t\t\t<h6 class=\"elementor-heading-title elementor-size-default\">Metodolog\u00eda de los siete pasos<\/h6>\t\t\t\t<\/div>\n\t\t\t\t<\/div>\n\t\t\t\t<div class=\"elementor-element elementor-element-ece90bc elementor-widget elementor-widget-heading\" data-id=\"ece90bc\" data-element_type=\"widget\" data-e-type=\"widget\" data-widget_type=\"heading.default\">\n\t\t\t\t<div class=\"elementor-widget-container\">\n\t\t\t\t\t<h1 class=\"elementor-heading-title elementor-size-default\">El Programa<\/h1>\t\t\t\t<\/div>\n\t\t\t\t<\/div>\n\t\t\t\t\t<\/div>\n\t\t<\/div>\n\t\t\t\t\t<\/div>\n\t\t<\/section>\n\t\t\t\t<section class=\"elementor-section elementor-top-section elementor-element elementor-element-42187e8b elementor-section-content-middle elementor-section-boxed elementor-section-height-default elementor-section-height-default\" data-id=\"42187e8b\" data-element_type=\"section\" data-e-type=\"section\">\n\t\t\t\t\t\t<div class=\"elementor-container elementor-column-gap-no\">\n\t\t\t\t\t<div class=\"elementor-column elementor-col-50 elementor-top-column elementor-element elementor-element-274e97ba\" data-id=\"274e97ba\" data-element_type=\"column\" data-e-type=\"column\">\n\t\t\t<div class=\"elementor-widget-wrap elementor-element-populated\">\n\t\t\t\t\t\t<div class=\"elementor-element elementor-element-376bbe2 elementor-widget elementor-widget-image\" data-id=\"376bbe2\" data-element_type=\"widget\" data-e-type=\"widget\" data-widget_type=\"image.default\">\n\t\t\t\t<div class=\"elementor-widget-container\">\n\t\t\t\t\t\t\t\t\t\t\t\t\t\t\t<img decoding=\"async\" src=\"https:\/\/jovenesreporteros.org.ar\/wp-content\/uploads\/elementor\/thumbs\/cropped-cropped-LOGo-Ecoescuelas-pequen\u0303o-p7nvh2n67hfujva9hyf9cnqmfabnarmh7ihj4ogfdc.png\" title=\"cropped-cropped-LOGo-Ecoescuelas-pequen\u0303o.png\" alt=\"cropped-cropped-LOGo-Ecoescuelas-pequen\u0303o.png\" loading=\"lazy\" \/>\t\t\t\t\t\t\t\t\t\t\t\t\t\t\t<\/div>\n\t\t\t\t<\/div>\n\t\t\t\t\t<\/div>\n\t\t<\/div>\n\t\t\t\t<div class=\"elementor-column elementor-col-50 elementor-top-column elementor-element elementor-element-4447f992\" data-id=\"4447f992\" data-element_type=\"column\" data-e-type=\"column\">\n\t\t\t<div class=\"elementor-widget-wrap elementor-element-populated\">\n\t\t\t\t\t\t<div class=\"elementor-element elementor-element-3c7902e5 elementor-widget elementor-widget-text-editor\" data-id=\"3c7902e5\" data-element_type=\"widget\" data-e-type=\"widget\" data-widget_type=\"text-editor.default\">\n\t\t\t\t<div class=\"elementor-widget-container\">\n\t\t\t\t\t\t\t\t\t<p>En 25 a\u00f1os, Eco-Escuelas ha pasado de ser un programa educativo europeo a convertirse en un modelo global de educaci\u00f3n ambiental y sostenibilidad a nivel internacional.\u00a0<span style=\"font-style: inherit; font-weight: inherit;\">Eco-Escuelas es un fen\u00f3meno en crecimiento, que alienta a los j\u00f3venes a participar en su entorno al permitirles la oportunidad de protegerlo activamente.\u00a0<\/span><span style=\"font-style: inherit; font-weight: inherit;\">El programa es una herramienta ideal para que las escuelas se embarquen en un camino significativo hacia la mejora del ambiente tanto en la escuela como en la comunidad local y, al mismo tiempo, tengan un impacto positivo para toda la vida de los j\u00f3venes, sus familias, personal de la escuela y autoridades locales.<\/span><\/p><div>\u00a0<\/div><h5>\u00a0<\/h5>\t\t\t\t\t\t\t\t<\/div>\n\t\t\t\t<\/div>\n\t\t\t\t\t<\/div>\n\t\t<\/div>\n\t\t\t\t\t<\/div>\n\t\t<\/section>\n\t\t\t\t<section class=\"elementor-section elementor-top-section elementor-element elementor-element-2551ac15 elementor-section-content-middle elementor-section-boxed elementor-section-height-default elementor-section-height-default\" data-id=\"2551ac15\" data-element_type=\"section\" data-e-type=\"section\">\n\t\t\t\t\t\t<div class=\"elementor-container elementor-column-gap-no\">\n\t\t\t\t\t<div class=\"elementor-column elementor-col-100 elementor-top-column elementor-element elementor-element-52b89063\" data-id=\"52b89063\" data-element_type=\"column\" data-e-type=\"column\">\n\t\t\t<div class=\"elementor-widget-wrap elementor-element-populated\">\n\t\t\t\t\t\t<div class=\"elementor-element elementor-element-69f8d83 elementor-widget elementor-widget-heading\" data-id=\"69f8d83\" data-element_type=\"widget\" data-e-type=\"widget\" data-widget_type=\"heading.default\">\n\t\t\t\t<div class=\"elementor-widget-container\">\n\t\t\t\t\t<h2 class=\"elementor-heading-title elementor-size-default\">Incluye a todos<\/h2>\t\t\t\t<\/div>\n\t\t\t\t<\/div>\n\t\t\t\t<div class=\"elementor-element elementor-element-3817dcfd elementor-widget elementor-widget-text-editor\" data-id=\"3817dcfd\" data-element_type=\"widget\" data-e-type=\"widget\" data-widget_type=\"text-editor.default\">\n\t\t\t\t<div class=\"elementor-widget-container\">\n\t\t\t\t\t\t\t\t\t<div><p>Combinando el aprendizaje con experiencias pr\u00e1cticas, todo el programa se ejecuta de acuerdo con un enfoque participativo que incluye a estudiantes, maestros y la comunidad local en general.<\/p><\/div>\t\t\t\t\t\t\t\t<\/div>\n\t\t\t\t<\/div>\n\t\t\t\t<div class=\"elementor-element elementor-element-c999f81 elementor-widget elementor-widget-heading\" data-id=\"c999f81\" data-element_type=\"widget\" data-e-type=\"widget\" data-widget_type=\"heading.default\">\n\t\t\t\t<div class=\"elementor-widget-container\">\n\t\t\t\t\t<h2 class=\"elementor-heading-title elementor-size-default\">Mejora los entornos escolares<\/h2>\t\t\t\t<\/div>\n\t\t\t\t<\/div>\n\t\t\t\t<div class=\"elementor-element elementor-element-a5aef92 elementor-widget elementor-widget-text-editor\" data-id=\"a5aef92\" data-element_type=\"widget\" data-e-type=\"widget\" data-widget_type=\"text-editor.default\">\n\t\t\t\t<div class=\"elementor-widget-container\">\n\t\t\t\t\t\t\t\t\t<div><p>El programa Eco-Escuelas es una forma ideal para que las escuelas se embarquen en un camino significativo hacia la mejora de la huella ambiental de una escuela, un cambio que inevitablemente conduce a un entorno escolar m\u00e1s sostenible, menos costoso y m\u00e1s responsable.<\/p><\/div>\t\t\t\t\t\t\t\t<\/div>\n\t\t\t\t<\/div>\n\t\t\t\t<div class=\"elementor-element elementor-element-203ddc1 elementor-widget elementor-widget-heading\" data-id=\"203ddc1\" data-element_type=\"widget\" data-e-type=\"widget\" data-widget_type=\"heading.default\">\n\t\t\t\t<div class=\"elementor-widget-container\">\n\t\t\t\t\t<h2 class=\"elementor-heading-title elementor-size-default\">Mejora las actitudes<\/h2>\t\t\t\t<\/div>\n\t\t\t\t<\/div>\n\t\t\t\t<div class=\"elementor-element elementor-element-960f916 elementor-widget elementor-widget-text-editor\" data-id=\"960f916\" data-element_type=\"widget\" data-e-type=\"widget\" data-widget_type=\"text-editor.default\">\n\t\t\t\t<div class=\"elementor-widget-container\">\n\t\t\t\t\t\t\t\t\t<div><p>Eco-Escuelas desaf\u00eda a los estudiantes a abordar los problemas ambientales a un nivel en el que puedan ver resultados tangibles, estimul\u00e1ndolos a darse cuenta de que realmente pueden hacer la diferencia.<\/p><\/div>\t\t\t\t\t\t\t\t<\/div>\n\t\t\t\t<\/div>\n\t\t\t\t<div class=\"elementor-element elementor-element-234b73a elementor-widget elementor-widget-heading\" data-id=\"234b73a\" data-element_type=\"widget\" data-e-type=\"widget\" data-widget_type=\"heading.default\">\n\t\t\t\t<div class=\"elementor-widget-container\">\n\t\t\t\t\t<h2 class=\"elementor-heading-title elementor-size-default\">Motiva<\/h2>\t\t\t\t<\/div>\n\t\t\t\t<\/div>\n\t\t\t\t<div class=\"elementor-element elementor-element-ebaef61 elementor-widget elementor-widget-text-editor\" data-id=\"ebaef61\" data-element_type=\"widget\" data-e-type=\"widget\" data-widget_type=\"text-editor.default\">\n\t\t\t\t<div class=\"elementor-widget-container\">\n\t\t\t\t\t\t\t\t\t<div><p>Eco-Escuelas inculca en los estudiantes un sentido de responsabilidad y cultiva una mentalidad sostenible que pueden aplicar a diario. Equipa a los involucrados con el impulso para realmente marcar la diferencia y difundir ese comportamiento proactivo entre familiares y amigos, y finalmente transmitirlo a las generaciones futuras.<\/p><\/div>\t\t\t\t\t\t\t\t<\/div>\n\t\t\t\t<\/div>\n\t\t\t\t<div class=\"elementor-element elementor-element-49bb10f elementor-widget elementor-widget-heading\" data-id=\"49bb10f\" data-element_type=\"widget\" data-e-type=\"widget\" data-widget_type=\"heading.default\">\n\t\t\t\t<div class=\"elementor-widget-container\">\n\t\t\t\t\t<h2 class=\"elementor-heading-title elementor-size-default\">Involucra a las comunidades<\/h2>\t\t\t\t<\/div>\n\t\t\t\t<\/div>\n\t\t\t\t<div class=\"elementor-element elementor-element-a331c30 elementor-widget elementor-widget-text-editor\" data-id=\"a331c30\" data-element_type=\"widget\" data-e-type=\"widget\" data-widget_type=\"text-editor.default\">\n\t\t\t\t<div class=\"elementor-widget-container\">\n\t\t\t\t\t\t\t\t\t<div><p>Eco-Escuelas pone gran \u00e9nfasis en involucrar a la comunidad local desde el principio. Al hacerlo, las lecciones que los estudiantes recogen se transfieren de vuelta a la comunidad donde toman control y conducen a patrones de comportamientos m\u00e1s sostenibles y ambientalmente responsables.<\/p><\/div>\t\t\t\t\t\t\t\t<\/div>\n\t\t\t\t<\/div>\n\t\t\t\t<div class=\"elementor-element elementor-element-cd78007 elementor-widget elementor-widget-heading\" data-id=\"cd78007\" data-element_type=\"widget\" data-e-type=\"widget\" data-widget_type=\"heading.default\">\n\t\t\t\t<div class=\"elementor-widget-container\">\n\t\t\t\t\t<h2 class=\"elementor-heading-title elementor-size-default\">Conecta globalmente<\/h2>\t\t\t\t<\/div>\n\t\t\t\t<\/div>\n\t\t\t\t<div class=\"elementor-element elementor-element-491b131 elementor-widget elementor-widget-text-editor\" data-id=\"491b131\" data-element_type=\"widget\" data-e-type=\"widget\" data-widget_type=\"text-editor.default\">\n\t\t\t\t<div class=\"elementor-widget-container\">\n\t\t\t\t\t\t\t\t\t<div><p>Eco-Escuelas facilita el contacto entre las instituciones participantes no solo a nivel nacional, sino tambi\u00e9n a nivel internacional. Estos enlaces brindan una oportunidad para que las escuelas compartan informaci\u00f3n ambiental, tambi\u00e9n pueden usarse como un medio para intercambios culturales y para mejorar las habilidades ling\u00fc\u00edsticas.<\/p><\/div><div>\u00a0<\/div>\t\t\t\t\t\t\t\t<\/div>\n\t\t\t\t<\/div>\n\t\t\t\t\t<\/div>\n\t\t<\/div>\n\t\t\t\t\t<\/div>\n\t\t<\/section>\n\t\t\t\t<section class=\"elementor-section elementor-top-section elementor-element elementor-element-7c7e5889 elementor-section-content-middle elementor-section-boxed elementor-section-height-default elementor-section-height-default\" data-id=\"7c7e5889\" data-element_type=\"section\" data-e-type=\"section\">\n\t\t\t\t\t\t<div class=\"elementor-container elementor-column-gap-no\">\n\t\t\t\t\t<div class=\"elementor-column elementor-col-50 elementor-top-column elementor-element elementor-element-638bebf5\" data-id=\"638bebf5\" data-element_type=\"column\" data-e-type=\"column\">\n\t\t\t<div class=\"elementor-widget-wrap elementor-element-populated\">\n\t\t\t\t\t\t<div class=\"elementor-element elementor-element-3c179498 elementor-widget elementor-widget-image\" data-id=\"3c179498\" data-element_type=\"widget\" data-e-type=\"widget\" data-widget_type=\"image.default\">\n\t\t\t\t<div class=\"elementor-widget-container\">\n\t\t\t\t\t\t\t\t\t\t\t\t\t\t\t<img decoding=\"async\" src=\"https:\/\/jovenesreporteros.org.ar\/wp-content\/uploads\/elementor\/thumbs\/7-pasos-p7r1yute5itobskb7wgndqmat34152un9xetsz8sno.png\" title=\"7 pasos\" alt=\"7 pasos\" loading=\"lazy\" \/>\t\t\t\t\t\t\t\t\t\t\t\t\t\t\t<\/div>\n\t\t\t\t<\/div>\n\t\t\t\t\t<\/div>\n\t\t<\/div>\n\t\t\t\t<div class=\"elementor-column elementor-col-50 elementor-top-column elementor-element elementor-element-652ca5c2\" data-id=\"652ca5c2\" data-element_type=\"column\" data-e-type=\"column\">\n\t\t\t<div class=\"elementor-widget-wrap elementor-element-populated\">\n\t\t\t\t\t\t<div class=\"elementor-element elementor-element-6df256fa elementor-widget elementor-widget-heading\" data-id=\"6df256fa\" data-element_type=\"widget\" data-e-type=\"widget\" data-widget_type=\"heading.default\">\n\t\t\t\t<div class=\"elementor-widget-container\">\n\t\t\t\t\t<h4 class=\"elementor-heading-title elementor-size-default\">Metodolog\u00eda de los 7 pasos<\/h4>\t\t\t\t<\/div>\n\t\t\t\t<\/div>\n\t\t\t\t<div class=\"elementor-element elementor-element-4f1770cb elementor-widget elementor-widget-text-editor\" data-id=\"4f1770cb\" data-element_type=\"widget\" data-e-type=\"widget\" data-widget_type=\"text-editor.default\">\n\t\t\t\t<div class=\"elementor-widget-container\">\n\t\t\t\t\t\t\t\t\t<p>Nuestro metodolog\u00eda de los Siete Pasos tiene como objetivo situar a los j\u00f3venes en el centro de la acci\u00f3n medioambiental y es la principal raz\u00f3n por la que el programa Eco-Schools es el mayor programa educativo del mundo, tan relevante hoy como cuando se cre\u00f3 en 1994. Nuestro marco de los Siete Pasos apoya a los j\u00f3venes de todas las edades y capacidades para que trabajen juntos en la planificaci\u00f3n, la ejecuci\u00f3n, el seguimiento y la evaluaci\u00f3n de las acciones medioambientales en su escuela.&nbsp;Este enfoque involucra, motiva y capacita a los j\u00f3venes para cuidar de nuestro planeta ahora y durante toda su vida.&nbsp;Una investigaci\u00f3n independiente tambi\u00e9n ha descubierto que la participaci\u00f3n de los alumnos en las ecoescuelas conduce a: un aumento de la confianza, el desarrollo de habilidades de liderazgo, la mejora del comportamiento y una mayor motivaci\u00f3n en la escuela.<\/p>\t\t\t\t\t\t\t\t<\/div>\n\t\t\t\t<\/div>\n\t\t\t\t\t<\/div>\n\t\t<\/div>\n\t\t\t\t\t<\/div>\n\t\t<\/section>\n\t\t\t\t<\/div>\n\t\t","protected":false},"excerpt":{"rendered":"<p>Metodolog\u00eda de los siete pasos El Programa En 25 a\u00f1os, Eco-Escuelas ha pasado de ser un programa educativo europeo a convertirse en un modelo global de educaci\u00f3n ambiental y sostenibilidad a nivel internacional.\u00a0Eco-Escuelas es un fen\u00f3meno en crecimiento, que alienta a los j\u00f3venes a participar en su entorno al permitirles la oportunidad de protegerlo activamente.\u00a0El [&hellip;]<\/p>\n","protected":false},"author":1,"featured_media":0,"parent":0,"menu_order":0,"comment_status":"closed","ping_status":"closed","template":"","meta":{"om_disable_all_campaigns":false,"_uag_custom_page_level_css":"","_monsterinsights_skip_tracking":false,"_monsterinsights_sitenote_active":false,"_monsterinsights_sitenote_note":"","_monsterinsights_sitenote_category":0,"site-sidebar-layout":"no-sidebar","site-content-layout":"page-builder","ast-site-content-layout":"default","site-content-style":"default","site-sidebar-style":"default","ast-global-header-display":"","ast-banner-title-visibility":"","ast-main-header-display":"","ast-hfb-above-header-display":"","ast-hfb-below-header-display":"","ast-hfb-mobile-header-display":"","site-post-title":"disabled","ast-breadcrumbs-content":"disabled","ast-featured-img":"disabled","footer-sml-layout":"","ast-disable-related-posts":"","theme-transparent-header-meta":"enabled","adv-header-id-meta":"","stick-header-meta":"default","header-above-stick-meta":"","header-main-stick-meta":"","header-below-stick-meta":"","astra-migrate-meta-layouts":"default","ast-page-background-enabled":"default","ast-page-background-meta":{"desktop":{"background-color":"var(--ast-global-color-4)","background-image":"","background-repeat":"repeat","background-position":"center center","background-size":"auto","background-attachment":"scroll","background-type":"","background-media":"","overlay-type":"","overlay-color":"","overlay-opacity":"","overlay-gradient":""},"tablet":{"background-color":"","background-image":"","background-repeat":"repeat","background-position":"center center","background-size":"auto","background-attachment":"scroll","background-type":"","background-media":"","overlay-type":"","overlay-color":"","overlay-opacity":"","overlay-gradient":""},"mobile":{"background-color":"","background-image":"","background-repeat":"repeat","background-position":"center center","background-size":"auto","background-attachment":"scroll","background-type":"","background-media":"","overlay-type":"","overlay-color":"","overlay-opacity":"","overlay-gradient":""}},"ast-content-background-meta":{"desktop":{"background-color":"var(--ast-global-color-5)","background-image":"","background-repeat":"repeat","background-position":"center center","background-size":"auto","background-attachment":"scroll","background-type":"","background-media":"","overlay-type":"","overlay-color":"","overlay-opacity":"","overlay-gradient":""},"tablet":{"background-color":"var(--ast-global-color-5)","background-image":"","background-repeat":"repeat","background-position":"center center","background-size":"auto","background-attachment":"scroll","background-type":"","background-media":"","overlay-type":"","overlay-color":"","overlay-opacity":"","overlay-gradient":""},"mobile":{"background-color":"var(--ast-global-color-5)","background-image":"","background-repeat":"repeat","background-position":"center center","background-size":"auto","background-attachment":"scroll","background-type":"","background-media":"","overlay-type":"","overlay-color":"","overlay-opacity":"","overlay-gradient":""}},"_joinchat":[],"footnotes":""},"class_list":["post-1699","page","type-page","status-publish","hentry"],"aioseo_notices":[],"uagb_featured_image_src":{"full":false,"thumbnail":false,"medium":false,"medium_large":false,"large":false,"1536x1536":false,"2048x2048":false},"uagb_author_info":{"display_name":"antarticafilms","author_link":"https:\/\/jovenesreporteros.org.ar\/index.php\/author\/antarticafilms\/"},"uagb_comment_info":0,"uagb_excerpt":"Metodolog\u00eda de los siete pasos El Programa En 25 a\u00f1os, Eco-Escuelas ha pasado de ser un programa educativo europeo a convertirse en un modelo global de educaci\u00f3n ambiental y sostenibilidad a nivel internacional.\u00a0Eco-Escuelas es un fen\u00f3meno en crecimiento, que alienta a los j\u00f3venes a participar en su entorno al permitirles la oportunidad de protegerlo activamente.\u00a0El&hellip;","_links":{"self":[{"href":"https:\/\/jovenesreporteros.org.ar\/index.php\/wp-json\/wp\/v2\/pages\/1699","targetHints":{"allow":["GET"]}}],"collection":[{"href":"https:\/\/jovenesreporteros.org.ar\/index.php\/wp-json\/wp\/v2\/pages"}],"about":[{"href":"https:\/\/jovenesreporteros.org.ar\/index.php\/wp-json\/wp\/v2\/types\/page"}],"author":[{"embeddable":true,"href":"https:\/\/jovenesreporteros.org.ar\/index.php\/wp-json\/wp\/v2\/users\/1"}],"replies":[{"embeddable":true,"href":"https:\/\/jovenesreporteros.org.ar\/index.php\/wp-json\/wp\/v2\/comments?post=1699"}],"version-history":[{"count":70,"href":"https:\/\/jovenesreporteros.org.ar\/index.php\/wp-json\/wp\/v2\/pages\/1699\/revisions"}],"predecessor-version":[{"id":2437,"href":"https:\/\/jovenesreporteros.org.ar\/index.php\/wp-json\/wp\/v2\/pages\/1699\/revisions\/2437"}],"wp:attachment":[{"href":"https:\/\/jovenesreporteros.org.ar\/index.php\/wp-json\/wp\/v2\/media?parent=1699"}],"curies":[{"name":"wp","href":"https:\/\/api.w.org\/{rel}","templated":true}]}}